{"id":47,"date":"2022-01-03T14:29:43","date_gmt":"2022-01-03T14:29:43","guid":{"rendered":"http:\/\/mandondemolition.fr\/?page_id=47"},"modified":"2022-01-04T09:55:21","modified_gmt":"2022-01-04T09:55:21","slug":"moyens-techniques","status":"publish","type":"page","link":"http:\/\/www.mandondemolition.fr\/index.php\/moyens-techniques\/","title":{"rendered":"Moyens techniques"},"content":{"rendered":"<ul>\n<li><strong>Pelle<\/strong><\/li>\n<\/ul>\n<p>Liebherr R 926 (chenille 28T ) avec r\u00e9tro + cisaille b\u00e9ton\/fer, godet curage<\/p>\n<p>Liebherr R 920 (pneus 22T), pince de tri, r\u00e9tro<\/p>\n<p>Hyundai HX 145, r\u00e9tro, pince de tri<\/p>\n<ul>\n<li><strong>Chariot \u00e9l\u00e9vateur<\/strong><\/li>\n<\/ul>\n<p>Nissan 18 (gaz)<\/p>\n<ul>\n<li><strong>Mini pelle<\/strong><\/li>\n<\/ul>\n<p>Case CX26B (chenille 2T4), r\u00e9tro (0.40m-0.60m). BRH, godet curage<\/p>\n<ul>\n<li><strong>Micro pelle<\/strong><\/li>\n<\/ul>\n<p>Hitachi EX08 (chenille 0T8) r\u00e9tro. BRH<\/p>\n<ul>\n<li><strong>Mini chargeur<\/strong><\/li>\n<\/ul>\n<p>Bobcat T110 (chenille) avec godet<\/p>\n<p>Bobcat S70 (0.90m de large) avec godet et godet grappin<\/p>\n<ul>\n<li><strong>Nacelle<\/strong><\/li>\n<\/ul>\n<p>Manitou 160 ATJ (16m)<\/p>\n<ul>\n<li><strong>Camions<\/strong><\/li>\n<\/ul>\n<p>1 Scania Ampliroll (6\u00d74)<\/p>\n<p>1 Scania benne enrochement (6\u00d74)<\/p>\n<p>1 Renault Multibenne (19T)<\/p>\n<p>3 Renault (3T5)<\/p>\n<ul>\n<li><strong>Compresseur \u00e0 air Sullair<\/strong><\/li>\n<li><strong>Echafaudage Comabi<\/strong><\/li>\n<li><strong>Cabine toilette chimique pour chantier<\/strong><\/li>\n<li><strong>Bungalow sur berce<\/strong><\/li>\n<li><strong>Petits outils<\/strong> (tron\u00e7onneuse, disqueuse, chalumeau, marteau piqueur&#8230;)<\/li>\n<\/ul>\n<p>&nbsp;<\/p>\n","protected":false},"excerpt":{"rendered":"<p>Pelle Liebherr R 926 (chenille 28T ) avec r\u00e9tro + cisaille b\u00e9ton\/fer, godet curage Liebherr R 920 (pneus 22T), pince de tri, r\u00e9tro Hyundai HX 145, r\u00e9tro, pince de tri Chariot \u00e9l\u00e9vateur Nissan 18 (gaz) Mini pelle Case CX26B (chenille 2T4), r\u00e9tro (0.40m-0.60m). BRH, godet curage Micro pelle Hitachi EX08 (chenille 0T8) r\u00e9tro. BRH Mini [&hellip;]<\/p>\n","protected":false},"author":1,"featured_media":0,"parent":0,"menu_order":0,"comment_status":"closed","ping_status":"closed","template":"","meta":{"site-sidebar-layout":"default","site-content-layout":"default","ast-site-content-layout":"default","site-content-style":"default","site-sidebar-style":"default","ast-global-header-display":"","ast-banner-title-visibility":"","ast-main-header-display":"","ast-hfb-above-header-display":"","ast-hfb-below-header-display":"","ast-hfb-mobile-header-display":"","site-post-title":"","ast-breadcrumbs-content":"","ast-featured-img":"","footer-sml-layout":"","ast-disable-related-posts":"","theme-transparent-header-meta":"","adv-header-id-meta":"","stick-header-meta":"","header-above-stick-meta":"","header-main-stick-meta":"","header-below-stick-meta":"","astra-migrate-meta-layouts":"default","ast-page-background-enabled":"default","ast-page-background-meta":{"desktop":{"background-color":"var(--ast-global-color-4)","background-image":"","background-repeat":"repeat","background-position":"center center","background-size":"auto","background-attachment":"scroll","background-type":"","background-media":"","overlay-type":"","overlay-color":"","overlay-opacity":"","overlay-gradient":""},"tablet":{"background-color":"","background-image":"","background-repeat":"repeat","background-position":"center center","background-size":"auto","background-attachment":"scroll","background-type":"","background-media":"","overlay-type":"","overlay-color":"","overlay-opacity":"","overlay-gradient":""},"mobile":{"background-color":"","background-image":"","background-repeat":"repeat","background-position":"center center","background-size":"auto","background-attachment":"scroll","background-type":"","background-media":"","overlay-type":"","overlay-color":"","overlay-opacity":"","overlay-gradient":""}},"ast-content-background-meta":{"desktop":{"background-color":"var(--ast-global-color-5)","background-image":"","background-repeat":"repeat","background-position":"center center","background-size":"auto","background-attachment":"scroll","background-type":"","background-media":"","overlay-type":"","overlay-color":"","overlay-opacity":"","overlay-gradient":""},"tablet":{"background-color":"var(--ast-global-color-5)","background-image":"","background-repeat":"repeat","background-position":"center center","background-size":"auto","background-attachment":"scroll","background-type":"","background-media":"","overlay-type":"","overlay-color":"","overlay-opacity":"","overlay-gradient":""},"mobile":{"background-color":"var(--ast-global-color-5)","background-image":"","background-repeat":"repeat","background-position":"center center","background-size":"auto","background-attachment":"scroll","background-type":"","background-media":"","overlay-type":"","overlay-color":"","overlay-opacity":"","overlay-gradient":""}},"footnotes":""},"class_list":["post-47","page","type-page","status-publish","hentry"],"_links":{"self":[{"href":"http:\/\/www.mandondemolition.fr\/index.php\/wp-json\/wp\/v2\/pages\/47","targetHints":{"allow":["GET"]}}],"collection":[{"href":"http:\/\/www.mandondemolition.fr\/index.php\/wp-json\/wp\/v2\/pages"}],"about":[{"href":"http:\/\/www.mandondemolition.fr\/index.php\/wp-json\/wp\/v2\/types\/page"}],"author":[{"embeddable":true,"href":"http:\/\/www.mandondemolition.fr\/index.php\/wp-json\/wp\/v2\/users\/1"}],"replies":[{"embeddable":true,"href":"http:\/\/www.mandondemolition.fr\/index.php\/wp-json\/wp\/v2\/comments?post=47"}],"version-history":[{"count":4,"href":"http:\/\/www.mandondemolition.fr\/index.php\/wp-json\/wp\/v2\/pages\/47\/revisions"}],"predecessor-version":[{"id":118,"href":"http:\/\/www.mandondemolition.fr\/index.php\/wp-json\/wp\/v2\/pages\/47\/revisions\/118"}],"wp:attachment":[{"href":"http:\/\/www.mandondemolition.fr\/index.php\/wp-json\/wp\/v2\/media?parent=47"}],"curies":[{"name":"wp","href":"https:\/\/api.w.org\/{rel}","templated":true}]}}