{"id":28,"date":"2022-01-03T13:58:25","date_gmt":"2022-01-03T13:58:25","guid":{"rendered":"http:\/\/mandondemolition.fr\/?page_id=28"},"modified":"2022-01-03T14:28:41","modified_gmt":"2022-01-03T14:28:41","slug":"demolition","status":"publish","type":"page","link":"http:\/\/www.mandondemolition.fr\/index.php\/demolition\/","title":{"rendered":"D\u00e9molition"},"content":{"rendered":"<p>L\u2019entreprise <strong>Mandon D\u00e9molition<\/strong> est \u00e0 votre service pour tous les travaux de d\u00e9molition.<\/p>\n<ul>\n<li>D\u00e9construction r\u00e9sidentielle : Immeuble, pavillon, maison individuelle, logements collectifs&#8230;<\/li>\n<li>D\u00e9construction industrielle : Hangar, b\u00e2timent industriel,\u00a0 usine\u2026<\/li>\n<li>D\u00e9construction sp\u00e9cifique : Curage b\u00e2timent (murs non porteurs, plafonds, planchers, toiture\u2026)<\/li>\n<\/ul>\n<p>Devis gratuit.<\/p>\n<p>Nous sommes \u00e0 votre \u00e9coute pour tous vos projets dans le respect de l&rsquo;environnement.<\/p>\n<p><img loading=\"lazy\" decoding=\"async\" class=\"wp-image-39 size-medium alignnone\" src=\"http:\/\/mandondemolition.fr\/wp-content\/uploads\/2022\/01\/20171115_114832-234x300.jpg\" alt=\"\" width=\"234\" height=\"300\" srcset=\"http:\/\/www.mandondemolition.fr\/wp-content\/uploads\/2022\/01\/20171115_114832-234x300.jpg 234w, http:\/\/www.mandondemolition.fr\/wp-content\/uploads\/2022\/01\/20171115_114832-798x1024.jpg 798w, http:\/\/www.mandondemolition.fr\/wp-content\/uploads\/2022\/01\/20171115_114832-768x986.jpg 768w, http:\/\/www.mandondemolition.fr\/wp-content\/uploads\/2022\/01\/20171115_114832-1196x1536.jpg 1196w, http:\/\/www.mandondemolition.fr\/wp-content\/uploads\/2022\/01\/20171115_114832.jpg 1296w\" sizes=\"auto, (max-width: 234px) 100vw, 234px\" \/> \u00a0<img loading=\"lazy\" decoding=\"async\" class=\"size-medium wp-image-43 alignnone\" src=\"http:\/\/mandondemolition.fr\/wp-content\/uploads\/2022\/01\/20171116_093439-169x300.jpg\" alt=\"\" width=\"169\" height=\"300\" srcset=\"http:\/\/www.mandondemolition.fr\/wp-content\/uploads\/2022\/01\/20171116_093439-169x300.jpg 169w, http:\/\/www.mandondemolition.fr\/wp-content\/uploads\/2022\/01\/20171116_093439-576x1024.jpg 576w, http:\/\/www.mandondemolition.fr\/wp-content\/uploads\/2022\/01\/20171116_093439-768x1365.jpg 768w, http:\/\/www.mandondemolition.fr\/wp-content\/uploads\/2022\/01\/20171116_093439-864x1536.jpg 864w, http:\/\/www.mandondemolition.fr\/wp-content\/uploads\/2022\/01\/20171116_093439-1152x2048.jpg 1152w, http:\/\/www.mandondemolition.fr\/wp-content\/uploads\/2022\/01\/20171116_093439.jpg 1296w\" sizes=\"auto, (max-width: 169px) 100vw, 169px\" \/> \u00a0<img loading=\"lazy\" decoding=\"async\" class=\"wp-image-41 size-medium alignnone\" style=\"font-weight: inherit;\" src=\"http:\/\/mandondemolition.fr\/wp-content\/uploads\/2022\/01\/20171114_112719-218x300.jpg\" alt=\"\" width=\"218\" height=\"300\" data-wp-editing=\"1\" srcset=\"http:\/\/www.mandondemolition.fr\/wp-content\/uploads\/2022\/01\/20171114_112719-218x300.jpg 218w, http:\/\/www.mandondemolition.fr\/wp-content\/uploads\/2022\/01\/20171114_112719-744x1024.jpg 744w, http:\/\/www.mandondemolition.fr\/wp-content\/uploads\/2022\/01\/20171114_112719-768x1057.jpg 768w, http:\/\/www.mandondemolition.fr\/wp-content\/uploads\/2022\/01\/20171114_112719-1116x1536.jpg 1116w, http:\/\/www.mandondemolition.fr\/wp-content\/uploads\/2022\/01\/20171114_112719.jpg 1296w\" sizes=\"auto, (max-width: 218px) 100vw, 218px\" \/><\/p>\n","protected":false},"excerpt":{"rendered":"<p>L\u2019entreprise Mandon D\u00e9molition est \u00e0 votre service pour tous les travaux de d\u00e9molition. D\u00e9construction r\u00e9sidentielle : Immeuble, pavillon, maison individuelle, logements collectifs&#8230; D\u00e9construction industrielle : Hangar, b\u00e2timent industriel,\u00a0 usine\u2026 D\u00e9construction sp\u00e9cifique : Curage b\u00e2timent (murs non porteurs, plafonds, planchers, toiture\u2026) Devis gratuit. Nous sommes \u00e0 votre \u00e9coute pour tous vos projets dans le respect de [&hellip;]<\/p>\n","protected":false},"author":1,"featured_media":0,"parent":0,"menu_order":0,"comment_status":"closed","ping_status":"closed","template":"","meta":{"site-sidebar-layout":"default","site-content-layout":"default","ast-site-content-layout":"default","site-content-style":"default","site-sidebar-style":"default","ast-global-header-display":"","ast-banner-title-visibility":"","ast-main-header-display":"","ast-hfb-above-header-display":"","ast-hfb-below-header-display":"","ast-hfb-mobile-header-display":"","site-post-title":"","ast-breadcrumbs-content":"","ast-featured-img":"","footer-sml-layout":"","ast-disable-related-posts":"","theme-transparent-header-meta":"","adv-header-id-meta":"","stick-header-meta":"","header-above-stick-meta":"","header-main-stick-meta":"","header-below-stick-meta":"","astra-migrate-meta-layouts":"default","ast-page-background-enabled":"default","ast-page-background-meta":{"desktop":{"background-color":"var(--ast-global-color-4)","background-image":"","background-repeat":"repeat","background-position":"center center","background-size":"auto","background-attachment":"scroll","background-type":"","background-media":"","overlay-type":"","overlay-color":"","overlay-opacity":"","overlay-gradient":""},"tablet":{"background-color":"","background-image":"","background-repeat":"repeat","background-position":"center center","background-size":"auto","background-attachment":"scroll","background-type":"","background-media":"","overlay-type":"","overlay-color":"","overlay-opacity":"","overlay-gradient":""},"mobile":{"background-color":"","background-image":"","background-repeat":"repeat","background-position":"center center","background-size":"auto","background-attachment":"scroll","background-type":"","background-media":"","overlay-type":"","overlay-color":"","overlay-opacity":"","overlay-gradient":""}},"ast-content-background-meta":{"desktop":{"background-color":"var(--ast-global-color-5)","background-image":"","background-repeat":"repeat","background-position":"center center","background-size":"auto","background-attachment":"scroll","background-type":"","background-media":"","overlay-type":"","overlay-color":"","overlay-opacity":"","overlay-gradient":""},"tablet":{"background-color":"var(--ast-global-color-5)","background-image":"","background-repeat":"repeat","background-position":"center center","background-size":"auto","background-attachment":"scroll","background-type":"","background-media":"","overlay-type":"","overlay-color":"","overlay-opacity":"","overlay-gradient":""},"mobile":{"background-color":"var(--ast-global-color-5)","background-image":"","background-repeat":"repeat","background-position":"center center","background-size":"auto","background-attachment":"scroll","background-type":"","background-media":"","overlay-type":"","overlay-color":"","overlay-opacity":"","overlay-gradient":""}},"footnotes":""},"class_list":["post-28","page","type-page","status-publish","hentry"],"_links":{"self":[{"href":"http:\/\/www.mandondemolition.fr\/index.php\/wp-json\/wp\/v2\/pages\/28","targetHints":{"allow":["GET"]}}],"collection":[{"href":"http:\/\/www.mandondemolition.fr\/index.php\/wp-json\/wp\/v2\/pages"}],"about":[{"href":"http:\/\/www.mandondemolition.fr\/index.php\/wp-json\/wp\/v2\/types\/page"}],"author":[{"embeddable":true,"href":"http:\/\/www.mandondemolition.fr\/index.php\/wp-json\/wp\/v2\/users\/1"}],"replies":[{"embeddable":true,"href":"http:\/\/www.mandondemolition.fr\/index.php\/wp-json\/wp\/v2\/comments?post=28"}],"version-history":[{"count":9,"href":"http:\/\/www.mandondemolition.fr\/index.php\/wp-json\/wp\/v2\/pages\/28\/revisions"}],"predecessor-version":[{"id":46,"href":"http:\/\/www.mandondemolition.fr\/index.php\/wp-json\/wp\/v2\/pages\/28\/revisions\/46"}],"wp:attachment":[{"href":"http:\/\/www.mandondemolition.fr\/index.php\/wp-json\/wp\/v2\/media?parent=28"}],"curies":[{"name":"wp","href":"https:\/\/api.w.org\/{rel}","templated":true}]}}